{"id":423,"date":"2019-10-29T16:04:23","date_gmt":"2019-10-29T14:04:23","guid":{"rendered":"http:\/\/autocamp-sirena.com\/about-us\/"},"modified":"2025-09-29T11:52:38","modified_gmt":"2025-09-29T09:52:38","slug":"herzlich-willkommen","status":"publish","type":"page","link":"https:\/\/autocamp-sirena.com\/de\/herzlich-willkommen\/","title":{"rendered":"Herzlich willkommen"},"content":{"rendered":"\n<p>Dieses Camp ist ein wahres Juwel des Tourismus, ein Ort der \nEntspannung und des Genusses, \u00f6kologische Oase der Ruhe und des Friedens\n im Herzen von Dalmatien, Omis Riviera. Rogoznica ist ein lebhafter Ort,\n bewohnt 1231.g. Unter der Steinh\u00f6he Gorica.<\/p>\n\n\n\n<p>Der Campingplatz hat zwei gro\u00dfe Str\u00e4nde, einen im \u00f6stlichen und einen  im westlichen Teil. Sie sind f\u00fcr die ganze Familie geeignet. Es gibt  auch einige kleine, sehr enge versteckte Stellen in den Rocks, dieser  s\u00fcdliche Teil von Autocamp ist besonders attraktiv f\u00fcr Liebhaber. Das  sind sehr romantische kleine Str\u00e4nde. Auch auf der Westseite gibt es einen kleinen Hafen.<\/p>\n\n\n\n<p>Jedes Jahr, die traditionellen Fischerabende mit einem reichen \nkulturellen Programm und den ber\u00fchmten kroatischen Musikern. Vom Camp \naus organisieren wir Ausfl\u00fcge nach Dubrovnik, Medjugorje und zu den \nInseln (Brac, Hvar, Kornati). Naturliebhaber finden hier genug von einer\n Herausforderung.<\/p>\n\n\n\n<p>Omis Riviera bietet au\u00dfergew\u00f6hnliche Attraktionen auch im Fr\u00fchjahr und  Herbst, k\u00f6nnen Sie den H\u00fcgel oberhalb des Dorfes Lokve Rogoznica  wandern, der H\u00fcgel ist nicht hoch und der Aufstieg dauert nicht lange,  und es gibt viele markierte Wege: Wir bieten eine attraktive Aufstieg  auf die Kirche St. Vitus auf dem H\u00fcgel, aus dem 14. Jahrhundert, auf  einer H\u00f6he von 639 Metern. In dieser wundersch\u00f6nen dalmatinischen  Karstlandschaft mit Blick auf das Meer und den Brac-Kanal k\u00f6nnen Sie  sich ganz entspannen und die freundlichen Gastgeber genie\u00dfen.<\/p>\n\n\n\n<p>Es befindet sich in dem kleinen Dorf Lokva Rogoznica, 29 km von Split\n und 9 Kilometer von Omi\u0161, Camp Sirena k\u00f6nnen bis zu 250 Personen Platz.\n Der Strand ist etwa 20 Meter breit und hat einen Blick auf die nahe \ngelegene Insel Brac.<\/p>\n\n\n\n<p>Die G\u00e4ste k\u00f6nnen Surfbretter, Tretboote und Kanus Strand sowie \nTeilnahme des Lagers Segelschule mieten. Das Camp bietet auch einen \neigenen Shop sowie G\u00e4ste mit t\u00e4glich frischem Fisch und hausgemachtem \nWein bieten.<\/p>\n\n\n\n<p><strong>Der  Drei-Sterne-Campingplatz Sirena ist nach der Legende von zwei Sirenen  genannt in Artina auf dem Kieselstrand gefangen tanzen, eine der  sch\u00f6nsten Str\u00e4nde an der kroatischen Adria.<\/strong><\/p>\n","protected":false},"excerpt":{"rendered":"<p>Dieses Camp ist ein wahres Juwel des Tourismus, ein Ort der Entspannung und des Genusses, \u00f6kologische Oase der Ruhe und des Friedens im Herzen von Dalmatien, Omis Riviera. Rogoznica ist ein lebhafter Ort, bewohnt 1231.g. Unter der Steinh\u00f6he Gorica. Der Campingplatz hat zwei gro\u00dfe Str\u00e4nde, einen im \u00f6stlichen und einen im westlichen Teil. Sie sind [&hellip;]<\/p>\n","protected":false},"author":1,"featured_media":65,"parent":0,"menu_order":0,"comment_status":"closed","ping_status":"closed","template":"page-about-us.php","meta":{"_acf_changed":false,"footnotes":""},"categories":[44],"tags":[],"class_list":["post-423","page","type-page","status-publish","has-post-thumbnail","hentry","category-about-us-de"],"acf":[],"_links":{"self":[{"href":"https:\/\/autocamp-sirena.com\/de\/wp-json\/wp\/v2\/pages\/423","targetHints":{"allow":["GET"]}}],"collection":[{"href":"https:\/\/autocamp-sirena.com\/de\/wp-json\/wp\/v2\/pages"}],"about":[{"href":"https:\/\/autocamp-sirena.com\/de\/wp-json\/wp\/v2\/types\/page"}],"author":[{"embeddable":true,"href":"https:\/\/autocamp-sirena.com\/de\/wp-json\/wp\/v2\/users\/1"}],"replies":[{"embeddable":true,"href":"https:\/\/autocamp-sirena.com\/de\/wp-json\/wp\/v2\/comments?post=423"}],"version-history":[{"count":7,"href":"https:\/\/autocamp-sirena.com\/de\/wp-json\/wp\/v2\/pages\/423\/revisions"}],"predecessor-version":[{"id":3363,"href":"https:\/\/autocamp-sirena.com\/de\/wp-json\/wp\/v2\/pages\/423\/revisions\/3363"}],"wp:featuredmedia":[{"embeddable":true,"href":"https:\/\/autocamp-sirena.com\/de\/wp-json\/wp\/v2\/media\/65"}],"wp:attachment":[{"href":"https:\/\/autocamp-sirena.com\/de\/wp-json\/wp\/v2\/media?parent=423"}],"wp:term":[{"taxonomy":"category","embeddable":true,"href":"https:\/\/autocamp-sirena.com\/de\/wp-json\/wp\/v2\/categories?post=423"},{"taxonomy":"post_tag","embeddable":true,"href":"https:\/\/autocamp-sirena.com\/de\/wp-json\/wp\/v2\/tags?post=423"}],"curies":[{"name":"wp","href":"https:\/\/api.w.org\/{rel}","templated":true}]}}