{"id":521,"date":"2019-11-05T21:22:57","date_gmt":"2019-11-05T19:22:57","guid":{"rendered":"http:\/\/autocamp-sirena.com\/mobile-houses\/"},"modified":"2019-11-11T14:46:59","modified_gmt":"2019-11-11T12:46:59","slug":"mobile-houses","status":"publish","type":"page","link":"https:\/\/autocamp-sirena.com\/de\/mobile-houses\/","title":{"rendered":"Mobile Houses"},"content":{"rendered":"\n<ul class=\"wp-block-list\"><li>1 Mobilh\u00e4uschen  f\u00fcr 2 Personen (in den Mobilh\u00e4uschen f\u00fcr 2 Personen  gibt es ein Doppelbett, Mini-K\u00fcche, Toilette, Dusche, Klimaanlage,  Sat-TV)<\/li><li>2  Mobilh\u00e4uschen  f\u00fcr 4 Personen ((in den Mobilh\u00e4uschen f\u00fcr 4 Personen  gibt es 2 Schlafzimmer, K\u00fcche mit Wohnzimmer, Toilette, Dusche,  Klimaanlage, Sat-TV)<\/li><\/ul>\n","protected":false},"excerpt":{"rendered":"<p>1 Mobilh\u00e4uschen f\u00fcr 2 Personen (in den Mobilh\u00e4uschen f\u00fcr 2 Personen gibt es ein Doppelbett, Mini-K\u00fcche, Toilette, Dusche, Klimaanlage, Sat-TV) 2 Mobilh\u00e4uschen f\u00fcr 4 Personen ((in den Mobilh\u00e4uschen f\u00fcr 4 Personen gibt es 2 Schlafzimmer, K\u00fcche mit Wohnzimmer, Toilette, Dusche, Klimaanlage, Sat-TV)<\/p>\n","protected":false},"author":1,"featured_media":0,"parent":0,"menu_order":0,"comment_status":"closed","ping_status":"closed","template":"","meta":{"_acf_changed":false,"footnotes":""},"categories":[60],"tags":[],"class_list":["post-521","page","type-page","status-publish","hentry","category-mobil-haus"],"acf":[],"_links":{"self":[{"href":"https:\/\/autocamp-sirena.com\/de\/wp-json\/wp\/v2\/pages\/521","targetHints":{"allow":["GET"]}}],"collection":[{"href":"https:\/\/autocamp-sirena.com\/de\/wp-json\/wp\/v2\/pages"}],"about":[{"href":"https:\/\/autocamp-sirena.com\/de\/wp-json\/wp\/v2\/types\/page"}],"author":[{"embeddable":true,"href":"https:\/\/autocamp-sirena.com\/de\/wp-json\/wp\/v2\/users\/1"}],"replies":[{"embeddable":true,"href":"https:\/\/autocamp-sirena.com\/de\/wp-json\/wp\/v2\/comments?post=521"}],"version-history":[{"count":4,"href":"https:\/\/autocamp-sirena.com\/de\/wp-json\/wp\/v2\/pages\/521\/revisions"}],"predecessor-version":[{"id":525,"href":"https:\/\/autocamp-sirena.com\/de\/wp-json\/wp\/v2\/pages\/521\/revisions\/525"}],"wp:attachment":[{"href":"https:\/\/autocamp-sirena.com\/de\/wp-json\/wp\/v2\/media?parent=521"}],"wp:term":[{"taxonomy":"category","embeddable":true,"href":"https:\/\/autocamp-sirena.com\/de\/wp-json\/wp\/v2\/categories?post=521"},{"taxonomy":"post_tag","embeddable":true,"href":"https:\/\/autocamp-sirena.com\/de\/wp-json\/wp\/v2\/tags?post=521"}],"curies":[{"name":"wp","href":"https:\/\/api.w.org\/{rel}","templated":true}]}}