{"id":536,"date":"2019-11-05T13:18:23","date_gmt":"2019-11-05T11:18:23","guid":{"rendered":"http:\/\/autocamp-sirena.com\/our-offer\/"},"modified":"2025-09-29T11:55:41","modified_gmt":"2025-09-29T09:55:41","slug":"our-offer","status":"publish","type":"page","link":"https:\/\/autocamp-sirena.com\/de\/our-offer\/","title":{"rendered":"Our Offer"},"content":{"rendered":"\n<p class=\"has-text-align-center\">AUTOCAMP SIRENA IST DAS GANZE JAHR GE\u00d6FFNET! <\/p>\n\n\n\n<p class=\"has-text-align-center\">Mit sch\u00f6ner Landschaft und angenehmen Schatten von Pinien, sch\u00f6nen Str\u00e4nden, kristallklarem, warmem Wasser, der Freundlichkeit der Gastgeber mit angemessener Infrastruktur, wird den G\u00e4sten folgendes angeboten:<\/p>\n","protected":false},"excerpt":{"rendered":"<p>AUTOCAMP SIRENA IST DAS GANZE JAHR GE\u00d6FFNET! Mit sch\u00f6ner Landschaft und angenehmen Schatten von Pinien, sch\u00f6nen Str\u00e4nden, kristallklarem, warmem Wasser, der Freundlichkeit der Gastgeber mit angemessener Infrastruktur, wird den G\u00e4sten folgendes angeboten:<\/p>\n","protected":false},"author":1,"featured_media":0,"parent":0,"menu_order":0,"comment_status":"closed","ping_status":"closed","template":"page-our-offer.php","meta":{"_acf_changed":false,"footnotes":""},"categories":[48],"tags":[],"class_list":["post-536","page","type-page","status-publish","hentry","category-our-offer-de"],"acf":[],"_links":{"self":[{"href":"https:\/\/autocamp-sirena.com\/de\/wp-json\/wp\/v2\/pages\/536","targetHints":{"allow":["GET"]}}],"collection":[{"href":"https:\/\/autocamp-sirena.com\/de\/wp-json\/wp\/v2\/pages"}],"about":[{"href":"https:\/\/autocamp-sirena.com\/de\/wp-json\/wp\/v2\/types\/page"}],"author":[{"embeddable":true,"href":"https:\/\/autocamp-sirena.com\/de\/wp-json\/wp\/v2\/users\/1"}],"replies":[{"embeddable":true,"href":"https:\/\/autocamp-sirena.com\/de\/wp-json\/wp\/v2\/comments?post=536"}],"version-history":[{"count":3,"href":"https:\/\/autocamp-sirena.com\/de\/wp-json\/wp\/v2\/pages\/536\/revisions"}],"predecessor-version":[{"id":3369,"href":"https:\/\/autocamp-sirena.com\/de\/wp-json\/wp\/v2\/pages\/536\/revisions\/3369"}],"wp:attachment":[{"href":"https:\/\/autocamp-sirena.com\/de\/wp-json\/wp\/v2\/media?parent=536"}],"wp:term":[{"taxonomy":"category","embeddable":true,"href":"https:\/\/autocamp-sirena.com\/de\/wp-json\/wp\/v2\/categories?post=536"},{"taxonomy":"post_tag","embeddable":true,"href":"https:\/\/autocamp-sirena.com\/de\/wp-json\/wp\/v2\/tags?post=536"}],"curies":[{"name":"wp","href":"https:\/\/api.w.org\/{rel}","templated":true}]}}