{"id":3181,"date":"2023-04-03T08:37:34","date_gmt":"2023-04-03T06:37:34","guid":{"rendered":"https:\/\/autocamp-sirena.com\/?page_id=3181"},"modified":"2025-01-23T16:05:50","modified_gmt":"2025-01-23T14:05:50","slug":"uvjeti-rezervacije","status":"publish","type":"page","link":"https:\/\/autocamp-sirena.com\/hr\/uvjeti-rezervacije\/","title":{"rendered":"Uvjeti rezervacije"},"content":{"rendered":"\n<p><strong>Rezervacija kamp mjesta ili parcele u autokampu SIRENA, Lokva Rogoznica<\/strong><\/p>\n\n\n\n<p><strong>Uvjeti rezervacije<\/strong><\/p>\n\n\n\n<p>Mjesto u kampu mo\u017eete rezervirati putem web stranice autokampa <a href=\"http:\/\/www.autocamp-sirena.com\">www.autocamp-sirena.com<\/a> \u0161alju\u0107i upit za rezervaciju ili \u0161alju\u0107i e-mail <a href=\"mailto:autocampsirena@gmail.com\">autocampsirena@gmail.com<\/a>.<\/p>\n\n\n\n<p>Da bi rezervirao mjesto gost mora navesti to\u010dan period boravka, ime i prezime te svoju e-mail adresu.<\/p>\n\n\n\n<p>Reyervacija je potvr\u0111ena kada dobijemo uplatu predujma za rezervaciju.<\/p>\n\n\n\n<p>Predujam za rezrvaciju je 50 Eur za parcelu. 20 % (10 Eur) iznosa \u0107e biti napla\u010deno kao naknada za rezervaciju. Ostalih 40 Eur \u0107e biti odbijeno s va\u0161eg ra\u010duna prilikom pla\u010danja kona\u010dnog ra\u010duna na recepciji.<\/p>\n\n\n\n<p>Rezervirano mjesto \u0107emo \u010duvati do 20:00 sati na dan dolaska, a u slu\u010daju najave za ka\u0161njenje do 12:00 AM sljede\u0107eg dana. U slu\u010daju kasnijeg dolaska biti \u0107e napla\u010den cijelokupni iznos za cijeli rezervirani period. Ako se gost do tada ne pojavi rezervacija \u0107e biti automatski otkazana.<\/p>\n\n\n\n<p>Bungalow \u0107emo \u010duvati rezervirano do 12:00 AM sljede\u0107eg dana. U slu\u010daju kasnijeg dolaska biti \u0107e napla\u010den cijelokupni iznos za rezervirani period. Ako se gost do tada ne pojavi rezervacija \u0107e biti automatski otkazana. Upla\u010deni iznos predujma ne\u0107e biti vra\u0107en.<\/p>\n\n\n\n<p>U slu\u010daju ranijeg odlaska s rezerviranog mjesta\/parcele a koji nije bio najavljen 14 dana prije odlaska, biti \u0107e napla\u010den cijelokupni iznos za rezervirani period.<\/p>\n\n\n\n<p>U slu\u010daju ranijeg odlaska iz bungalow biti \u0107e napla\u010den cijelokupni iznos za cijeli rezervirani period.<\/p>\n\n\n\n<p><strong>Promjena datuma rezervacije<\/strong><\/p>\n\n\n\n<p>Datum rezervacije mo\u017ee biti promjenen bez naknade 10 dana prije dana dolaska prethodne rezervacije. U slu\u010daju promjene datuma rezervacije ne mo\u017eemo jam\u0107iti da \u0107ete dobiti isto mjesto\/parcelu. Biti \u0107e ponu\u0111ena parcela koja je slobodna za novi tra\u017eeni period.<\/p>\n\n\n\n<p>U slu\u010daju promjene datuma rezervacije manje nego 10 dana prije rezerviranog dana dolaska naknada kao za novu rezervaciju \u0107e biti napla\u0107ena I tako\u0111er ne mo\u017eemo jam\u0107iti mjesto\/parcelu u kampu.<\/p>\n\n\n\n<p><strong>Uvejti otkaza rezervacija<\/strong><\/p>\n\n\n\n<p>U slu\u010daju otkazivanja rezervacije predujam se ne vra\u0107a.<\/p>\n\n\n\n<p><strong>Cijena ponude<\/strong><\/p>\n\n\n\n<p>Cijena ponude je izra\u010dunata na osnovu prilikom rezervacije navedenih podataka.<\/p>\n\n\n\n<p>U slu\u010daju da se stvarno stanje razlikuje od navedenog prilikom rezervacije, cijena se mo\u017ee razlikovati od ponu\u0111ene.<\/p>\n\n\n\n<p>Kona\u010dna cijena \u0107e biti izra\u010dunata po va\u017ee\u010dem cjeniku kampa.<\/p>\n","protected":false},"excerpt":{"rendered":"<p>Rezervacija kamp mjesta ili parcele u autokampu SIRENA, Lokva Rogoznica Uvjeti rezervacije Mjesto u kampu mo\u017eete rezervirati putem web stranice autokampa www.autocamp-sirena.com \u0161alju\u0107i upit za rezervaciju ili \u0161alju\u0107i e-mail autocampsirena@gmail.com. Da bi rezervirao mjesto gost mora navesti to\u010dan period boravka, ime i prezime te svoju e-mail adresu. Reyervacija je potvr\u0111ena kada dobijemo uplatu predujma za [&hellip;]<\/p>\n","protected":false},"author":2,"featured_media":3003,"parent":0,"menu_order":0,"comment_status":"closed","ping_status":"closed","template":"","meta":{"_acf_changed":false,"footnotes":""},"categories":[],"tags":[],"class_list":["post-3181","page","type-page","status-publish","has-post-thumbnail","hentry"],"acf":[],"_links":{"self":[{"href":"https:\/\/autocamp-sirena.com\/hr\/wp-json\/wp\/v2\/pages\/3181","targetHints":{"allow":["GET"]}}],"collection":[{"href":"https:\/\/autocamp-sirena.com\/hr\/wp-json\/wp\/v2\/pages"}],"about":[{"href":"https:\/\/autocamp-sirena.com\/hr\/wp-json\/wp\/v2\/types\/page"}],"author":[{"embeddable":true,"href":"https:\/\/autocamp-sirena.com\/hr\/wp-json\/wp\/v2\/users\/2"}],"replies":[{"embeddable":true,"href":"https:\/\/autocamp-sirena.com\/hr\/wp-json\/wp\/v2\/comments?post=3181"}],"version-history":[{"count":5,"href":"https:\/\/autocamp-sirena.com\/hr\/wp-json\/wp\/v2\/pages\/3181\/revisions"}],"predecessor-version":[{"id":3293,"href":"https:\/\/autocamp-sirena.com\/hr\/wp-json\/wp\/v2\/pages\/3181\/revisions\/3293"}],"wp:featuredmedia":[{"embeddable":true,"href":"https:\/\/autocamp-sirena.com\/hr\/wp-json\/wp\/v2\/media\/3003"}],"wp:attachment":[{"href":"https:\/\/autocamp-sirena.com\/hr\/wp-json\/wp\/v2\/media?parent=3181"}],"wp:term":[{"taxonomy":"category","embeddable":true,"href":"https:\/\/autocamp-sirena.com\/hr\/wp-json\/wp\/v2\/categories?post=3181"},{"taxonomy":"post_tag","embeddable":true,"href":"https:\/\/autocamp-sirena.com\/hr\/wp-json\/wp\/v2\/tags?post=3181"}],"curies":[{"name":"wp","href":"https:\/\/api.w.org\/{rel}","templated":true}]}}