{"id":419,"date":"2019-10-29T16:04:23","date_gmt":"2019-10-29T14:04:23","guid":{"rendered":"http:\/\/autocamp-sirena.com\/about-us\/"},"modified":"2025-09-29T11:52:09","modified_gmt":"2025-09-29T09:52:09","slug":"o-nama","status":"publish","type":"page","link":"https:\/\/autocamp-sirena.com\/hr\/o-nama\/","title":{"rendered":"Nekoliko rije\u010di o nama"},"content":{"rendered":"\n<p>Ovaj kamp je pravi dragulj turizma, mjesto za opu\u0161tanje i u\u017eivanje, \nekolo\u0161ka oaza mira u srcu Dalmacije, Omi\u0161ke rivijere. Rogoznica je \n\u017eivahno mjesto, naseljeno od 1231.g. ispod visina kamena Gorice.<\/p>\n\n\n\n<p>Kamp ima dvije velike pla\u017ee, jednu na isto\u010dnoj i drugu na zapadnom \ndijelu. Prikladne su za cijelu obitelj. Postoje i neke male, vrlo uske \nskrivene pla\u017eice u stijenama, pogotovo u ju\u017enom dijelu kampa koji \nposebno privla\u010di ljubavnike. To su vrlo romanti\u010dne male pla\u017ee.<\/p>\n\n\n\n<p>Na zapadnoj strani nalazi se i mala luka. Svake godine se odr\u017eavaju \ntradicionalne ribarske no\u0107i s bogatim kulturnim programom i poznatim \nhrvatskim glazbenicima. Iz kampa organiziramo izlete u Dubrovnik, \nMe\u0111ugorje i otoke (Bra\u010d, Hvar, Kornati). Ljubitelji prirode ovdje \u0107e \nprona\u0107i dovoljno izazova.<\/p>\n\n\n\n<p>Omi\u0161ka  Rivijera pru\u017ea iznimne zanimljivosti i u prolje\u0107e i jesen, kada mo\u017eete  planinariti po brdu povi\u0161e sela Lokve Rogoznice, brdo nije visoko i  uspon ne traje dugo, a ima dosta ozna\u010denih \u0161irokih staza:  izdvajamo  atraktivan uspon do crkve svetog Vida na brdu, sagra\u0111ene negdje izme\u0111u  13-tog i 14-tog stolje\u0107a, koja se nalazi na visini od 639 metara. U toj  prelijepoj prirodi dalmatinskog kr\u0161a, sa pogledom na more i Bra\u010dki  kanal, uz susretljive doma\u0107ine mo\u017eete se u potpunosti opustiti i  u\u017eivati.<\/p>\n\n\n\n<p>Kamp se nalazi u malom lijepom mjestu Lokvi Rogoznici, 29 kilometara \nju\u017eno od Splita (9 kilometara od Omi\u0161a), kamp Sirena mo\u017ee pru\u017eiti \nsmje\u0161taj za vi\u0161e od 250 gostiju. Pla\u017ea Artina je \u0161iroka 20-tak  metara, i\n vrlo duga te ima odli\u010dan pogled na obli\u017enji otok Bra\u010d.<\/p>\n\n\n\n<p>Gosti mogu iznajmiti daske za jedrenje, pedaline i kanu kao i  poha\u0111ati \u0161kolu jedrenja koju organiziramo. Kamp tako\u0111er ima i prodavaonicu koja omogu\u0107ava gostima dnevno svje\u017eu ribu, slane srdele i doma\u0107e vino.<\/p>\n\n\n\n<p><strong>Autokamp  Sirena, kamp sa tri zvjezdice je dobio ime po legendi o dvije sirene vi\u0111ene kako ple\u0161u na \u0161ljun\u010danoj pla\u017ei Artini, jednoj od najljep\u0161ih pla\u017ea na cijeloj Jadranskoj obali.<\/strong><\/p>\n","protected":false},"excerpt":{"rendered":"<p>Ovaj kamp je pravi dragulj turizma, mjesto za opu\u0161tanje i u\u017eivanje, ekolo\u0161ka oaza mira u srcu Dalmacije, Omi\u0161ke rivijere. Rogoznica je \u017eivahno mjesto, naseljeno od 1231.g. ispod visina kamena Gorice. Kamp ima dvije velike pla\u017ee, jednu na isto\u010dnoj i drugu na zapadnom dijelu. Prikladne su za cijelu obitelj. Postoje i neke male, vrlo uske skrivene [&hellip;]<\/p>\n","protected":false},"author":1,"featured_media":64,"parent":0,"menu_order":0,"comment_status":"closed","ping_status":"closed","template":"page-about-us.php","meta":{"_acf_changed":false,"footnotes":""},"categories":[43],"tags":[],"class_list":["post-419","page","type-page","status-publish","has-post-thumbnail","hentry","category-about-us-hr"],"acf":[],"_links":{"self":[{"href":"https:\/\/autocamp-sirena.com\/hr\/wp-json\/wp\/v2\/pages\/419","targetHints":{"allow":["GET"]}}],"collection":[{"href":"https:\/\/autocamp-sirena.com\/hr\/wp-json\/wp\/v2\/pages"}],"about":[{"href":"https:\/\/autocamp-sirena.com\/hr\/wp-json\/wp\/v2\/types\/page"}],"author":[{"embeddable":true,"href":"https:\/\/autocamp-sirena.com\/hr\/wp-json\/wp\/v2\/users\/1"}],"replies":[{"embeddable":true,"href":"https:\/\/autocamp-sirena.com\/hr\/wp-json\/wp\/v2\/comments?post=419"}],"version-history":[{"count":10,"href":"https:\/\/autocamp-sirena.com\/hr\/wp-json\/wp\/v2\/pages\/419\/revisions"}],"predecessor-version":[{"id":3362,"href":"https:\/\/autocamp-sirena.com\/hr\/wp-json\/wp\/v2\/pages\/419\/revisions\/3362"}],"wp:featuredmedia":[{"embeddable":true,"href":"https:\/\/autocamp-sirena.com\/hr\/wp-json\/wp\/v2\/media\/64"}],"wp:attachment":[{"href":"https:\/\/autocamp-sirena.com\/hr\/wp-json\/wp\/v2\/media?parent=419"}],"wp:term":[{"taxonomy":"category","embeddable":true,"href":"https:\/\/autocamp-sirena.com\/hr\/wp-json\/wp\/v2\/categories?post=419"},{"taxonomy":"post_tag","embeddable":true,"href":"https:\/\/autocamp-sirena.com\/hr\/wp-json\/wp\/v2\/tags?post=419"}],"curies":[{"name":"wp","href":"https:\/\/api.w.org\/{rel}","templated":true}]}}