{"id":431,"date":"2019-11-05T13:18:23","date_gmt":"2019-11-05T11:18:23","guid":{"rendered":"http:\/\/autocamp-sirena.com\/our-offer\/"},"modified":"2025-09-29T11:55:10","modified_gmt":"2025-09-29T09:55:10","slug":"nasa-ponuda","status":"publish","type":"page","link":"https:\/\/autocamp-sirena.com\/hr\/nasa-ponuda\/","title":{"rendered":"Na\u0161a ponuda"},"content":{"rendered":"\n<p class=\"has-text-align-center\">AUTOKAMP SIRENA JE OTVOREN CIJELU GODINU, SAMO ZA VAS!<\/p>\n\n\n\n<p class=\"has-text-align-center\">Uz prekrasan krajolik i ugodnoj hladovini borova, lijepe pla\u017ee, kristalno jasno toplim vodama, ljubazni doma\u0107ini s odgovaraju\u0107om infrastrukturom gostima nude sljede\u0107e:<\/p>\n","protected":false},"excerpt":{"rendered":"<p>AUTOKAMP SIRENA JE OTVOREN CIJELU GODINU, SAMO ZA VAS! Uz prekrasan krajolik i ugodnoj hladovini borova, lijepe pla\u017ee, kristalno jasno toplim vodama, ljubazni doma\u0107ini s odgovaraju\u0107om infrastrukturom gostima nude sljede\u0107e:<\/p>\n","protected":false},"author":1,"featured_media":0,"parent":0,"menu_order":0,"comment_status":"closed","ping_status":"closed","template":"page-our-offer.php","meta":{"_acf_changed":false,"footnotes":""},"categories":[47],"tags":[],"class_list":["post-431","page","type-page","status-publish","hentry","category-our-offer-hr"],"acf":[],"_links":{"self":[{"href":"https:\/\/autocamp-sirena.com\/hr\/wp-json\/wp\/v2\/pages\/431","targetHints":{"allow":["GET"]}}],"collection":[{"href":"https:\/\/autocamp-sirena.com\/hr\/wp-json\/wp\/v2\/pages"}],"about":[{"href":"https:\/\/autocamp-sirena.com\/hr\/wp-json\/wp\/v2\/types\/page"}],"author":[{"embeddable":true,"href":"https:\/\/autocamp-sirena.com\/hr\/wp-json\/wp\/v2\/users\/1"}],"replies":[{"embeddable":true,"href":"https:\/\/autocamp-sirena.com\/hr\/wp-json\/wp\/v2\/comments?post=431"}],"version-history":[{"count":6,"href":"https:\/\/autocamp-sirena.com\/hr\/wp-json\/wp\/v2\/pages\/431\/revisions"}],"predecessor-version":[{"id":3368,"href":"https:\/\/autocamp-sirena.com\/hr\/wp-json\/wp\/v2\/pages\/431\/revisions\/3368"}],"wp:attachment":[{"href":"https:\/\/autocamp-sirena.com\/hr\/wp-json\/wp\/v2\/media?parent=431"}],"wp:term":[{"taxonomy":"category","embeddable":true,"href":"https:\/\/autocamp-sirena.com\/hr\/wp-json\/wp\/v2\/categories?post=431"},{"taxonomy":"post_tag","embeddable":true,"href":"https:\/\/autocamp-sirena.com\/hr\/wp-json\/wp\/v2\/tags?post=431"}],"curies":[{"name":"wp","href":"https:\/\/api.w.org\/{rel}","templated":true}]}}