{"id":510,"date":"2019-11-05T21:22:57","date_gmt":"2019-11-05T19:22:57","guid":{"rendered":"http:\/\/autocamp-sirena.com\/mobile-houses\/"},"modified":"2019-11-11T14:52:00","modified_gmt":"2019-11-11T12:52:00","slug":"mobile-houses","status":"publish","type":"page","link":"https:\/\/autocamp-sirena.com\/hr\/mobile-houses\/","title":{"rendered":"Mobilne ku\u0107e"},"content":{"rendered":"\n<ul class=\"wp-block-list\"><li>1 mobilna ku\u0107ica za dvije osobe &#8211; opremljena bra\u010dnim krevetom, WC, tu\u0161, klimom, sat TV<\/li><li>2  mobile ku\u0107ice za \u010detiri osobe (kuhinja sa dnevnom sobom, 2 spava\u0107e  sobe, jedna sa duplim krevetom i druga sa 2 odvojena kreveta,  wc-kupatilo)<\/li><\/ul>\n\n\n\n<p>Mobilne ku\u0107ice opremljene su posteljinom, ru\u010dnicima, su\u0161ilom za kosu, posu\u0111em i hladnjakom.<br>Ispred ku\u0107e nalazi se terasa s pogledom na more.<\/p>\n","protected":false},"excerpt":{"rendered":"<p>1 mobilna ku\u0107ica za dvije osobe &#8211; opremljena bra\u010dnim krevetom, WC, tu\u0161, klimom, sat TV 2 mobile ku\u0107ice za \u010detiri osobe (kuhinja sa dnevnom sobom, 2 spava\u0107e sobe, jedna sa duplim krevetom i druga sa 2 odvojena kreveta, wc-kupatilo) Mobilne ku\u0107ice opremljene su posteljinom, ru\u010dnicima, su\u0161ilom za kosu, posu\u0111em i hladnjakom.Ispred ku\u0107e nalazi se terasa [&hellip;]<\/p>\n","protected":false},"author":1,"featured_media":0,"parent":0,"menu_order":0,"comment_status":"closed","ping_status":"closed","template":"","meta":{"_acf_changed":false,"footnotes":""},"categories":[59],"tags":[],"class_list":["post-510","page","type-page","status-publish","hentry","category-mobilne-kuce"],"acf":[],"_links":{"self":[{"href":"https:\/\/autocamp-sirena.com\/hr\/wp-json\/wp\/v2\/pages\/510","targetHints":{"allow":["GET"]}}],"collection":[{"href":"https:\/\/autocamp-sirena.com\/hr\/wp-json\/wp\/v2\/pages"}],"about":[{"href":"https:\/\/autocamp-sirena.com\/hr\/wp-json\/wp\/v2\/types\/page"}],"author":[{"embeddable":true,"href":"https:\/\/autocamp-sirena.com\/hr\/wp-json\/wp\/v2\/users\/1"}],"replies":[{"embeddable":true,"href":"https:\/\/autocamp-sirena.com\/hr\/wp-json\/wp\/v2\/comments?post=510"}],"version-history":[{"count":9,"href":"https:\/\/autocamp-sirena.com\/hr\/wp-json\/wp\/v2\/pages\/510\/revisions"}],"predecessor-version":[{"id":531,"href":"https:\/\/autocamp-sirena.com\/hr\/wp-json\/wp\/v2\/pages\/510\/revisions\/531"}],"wp:attachment":[{"href":"https:\/\/autocamp-sirena.com\/hr\/wp-json\/wp\/v2\/media?parent=510"}],"wp:term":[{"taxonomy":"category","embeddable":true,"href":"https:\/\/autocamp-sirena.com\/hr\/wp-json\/wp\/v2\/categories?post=510"},{"taxonomy":"post_tag","embeddable":true,"href":"https:\/\/autocamp-sirena.com\/hr\/wp-json\/wp\/v2\/tags?post=510"}],"curies":[{"name":"wp","href":"https:\/\/api.w.org\/{rel}","templated":true}]}}